{"id":9592,"date":"2026-02-18T15:47:27","date_gmt":"2026-02-18T15:47:27","guid":{"rendered":"https:\/\/minerva-online.pt\/?page_id=9592"},"modified":"2026-02-27T11:15:36","modified_gmt":"2026-02-27T11:15:36","slug":"embalagens","status":"publish","type":"page","link":"https:\/\/minerva-online.pt\/en\/embalagens\/","title":{"rendered":"Landing Page &#8211; Embalagens"},"content":{"rendered":"<div data-elementor-type=\"wp-page\" data-elementor-id=\"9592\" class=\"elementor elementor-9592\" data-elementor-post-type=\"page\">\n\t\t\t\t\t\t\t\t\t<section data-dce-background-color=\"#FFFFFF\" data-dce-background-overlay-color=\"#272727\" class=\"elementor-section elementor-top-section elementor-element elementor-element-e2e787c elementor-section-stretched langing-page-imagem elementor-section-height-full elementor-section-content-middle elementor-hidden-mobile elementor-hidden-tablet elementor-section-boxed elementor-section-height-default elementor-section-items-middle\" data-id=\"e2e787c\" data-element_type=\"section\" data-settings=\"{&quot;stretch_section&quot;:&quot;section-stretched&quot;,&quot;background_motion_fx_motion_fx_scrolling&quot;:&quot;yes&quot;,&quot;background_motion_fx_translateY_effect&quot;:&quot;yes&quot;,&quot;background_motion_fx_translateY_direction&quot;:&quot;negative&quot;,&quot;background_background&quot;:&quot;classic&quot;,&quot;background_motion_fx_translateY_speed&quot;:{&quot;unit&quot;:&quot;px&quot;,&quot;size&quot;:4,&quot;sizes&quot;:[]},&quot;background_motion_fx_translateY_affectedRange&quot;:{&quot;unit&quot;:&quot;%&quot;,&quot;size&quot;:&quot;&quot;,&quot;sizes&quot;:{&quot;start&quot;:0,&quot;end&quot;:100}},&quot;background_motion_fx_devices&quot;:[&quot;desktop&quot;,&quot;tablet&quot;,&quot;mobile&quot;]}\">\n\t\t\t\t\t\t\t<div class=\"elementor-background-overlay\"><\/div>\n\t\t\t\t\t\t\t<div class=\"elementor-container elementor-column-gap-no\">\n\t\t\t\t\t<div class=\"elementor-column elementor-col-50 elementor-top-column elementor-element elementor-element-908b25a coluna_landing_page\" data-id=\"908b25a\" data-element_type=\"column\">\n\t\t\t<div class=\"elementor-widget-wrap elementor-element-populated\">\n\t\t\t\t\t\t\t\t<div class=\"elementor-element elementor-element-3edf011 elementor-widget__width-initial elementor-hidden-mobile elementor-widget elementor-widget-heading\" data-id=\"3edf011\" data-element_type=\"widget\" data-widget_type=\"heading.default\">\n\t\t\t\t<div class=\"elementor-widget-container\">\n\t\t\t<h1 class=\"elementor-heading-title elementor-size-default\">Aumente a visibilidade da sua marca com embalagens personalizadas<\/h1>\t\t<\/div>\n\t\t\t\t<\/div>\n\t\t\t\t<div class=\"elementor-element elementor-element-b65a8cc elementor-widget__width-initial elementor-hidden-mobile elementor-widget elementor-widget-text-editor\" data-id=\"b65a8cc\" data-element_type=\"widget\" data-widget_type=\"text-editor.default\">\n\t\t\t\t<div class=\"elementor-widget-container\">\n\t\t\t\t\t\t\t<p>Cores vibrantes, formato \u00fanico, entrega r\u00e1pida e pre\u00e7o acess\u00edvel? Desenvolvemos solu\u00e7\u00f5es de packaging \u00e0 medida e com qualidade profissional.<\/p>\t\t\t\t\t\t<\/div>\n\t\t\t\t<\/div>\n\t\t\t\t<div data-dce-background-color=\"#FF4D16\" class=\"elementor-element elementor-element-5d234b8 elementor-hidden-mobile elementor-widget elementor-widget-button\" data-id=\"5d234b8\" data-element_type=\"widget\" data-widget_type=\"button.default\">\n\t\t\t\t<div class=\"elementor-widget-container\">\n\t\t\t\t\t<div class=\"elementor-button-wrapper\">\n\t\t\t<a class=\"elementor-button elementor-button-link elementor-size-sm\" href=\"#pedirorcamento\">\n\t\t\t\t\t\t<span class=\"elementor-button-content-wrapper\">\n\t\t\t\t\t\t<span class=\"elementor-button-text\">PEDIR OR\u00c7AMENTO<\/span>\n\t\t<\/span>\n\t\t\t\t\t<\/a>\n\t\t<\/div>\n\t\t\t\t<\/div>\n\t\t\t\t<\/div>\n\t\t\t\t\t<\/div>\n\t\t<\/div>\n\t\t\t\t<div class=\"elementor-column elementor-col-50 elementor-top-column elementor-element elementor-element-2d67264 coluna_landing_page\" data-id=\"2d67264\" data-element_type=\"column\">\n\t\t\t<div class=\"elementor-widget-wrap elementor-element-populated\">\n\t\t\t\t\t\t\t\t<div class=\"elementor-element elementor-element-c740868 elementor-widget__width-inherit elementor-arrows-position-inside elementor-widget elementor-widget-image-carousel\" data-id=\"c740868\" data-element_type=\"widget\" data-settings=\"{&quot;slides_to_show&quot;:&quot;1&quot;,&quot;navigation&quot;:&quot;arrows&quot;,&quot;autoplay_speed&quot;:2000,&quot;autoplay&quot;:&quot;yes&quot;,&quot;pause_on_hover&quot;:&quot;yes&quot;,&quot;pause_on_interaction&quot;:&quot;yes&quot;,&quot;infinite&quot;:&quot;yes&quot;,&quot;effect&quot;:&quot;slide&quot;,&quot;speed&quot;:500}\" data-widget_type=\"image-carousel.default\">\n\t\t\t\t<div class=\"elementor-widget-container\">\n\t\t\t\t\t<div class=\"elementor-image-carousel-wrapper swiper-container\" dir=\"ltr\">\n\t\t\t<div class=\"elementor-image-carousel swiper-wrapper\" aria-live=\"off\">\n\t\t\t\t\t\t\t\t<div class=\"swiper-slide\" role=\"group\" aria-roledescription=\"slide\" aria-label=\"1 of 5\"><figure class=\"swiper-slide-inner\"><img decoding=\"async\" class=\"swiper-slide-image\" src=\"https:\/\/minerva-online.pt\/wp-content\/uploads\/2026\/02\/01_embalagem-scaled.jpg\" alt=\"01_embalagem\" \/><\/figure><\/div><div class=\"swiper-slide\" role=\"group\" aria-roledescription=\"slide\" aria-label=\"2 of 5\"><figure class=\"swiper-slide-inner\"><img decoding=\"async\" class=\"swiper-slide-image\" src=\"https:\/\/minerva-online.pt\/wp-content\/uploads\/2026\/02\/02_embalagem-scaled.jpg\" alt=\"02_embalagem\" \/><\/figure><\/div><div class=\"swiper-slide\" role=\"group\" aria-roledescription=\"slide\" aria-label=\"3 of 5\"><figure class=\"swiper-slide-inner\"><img decoding=\"async\" class=\"swiper-slide-image\" src=\"https:\/\/minerva-online.pt\/wp-content\/uploads\/2026\/02\/03_embalagem-scaled.jpg\" alt=\"03_embalagem\" \/><\/figure><\/div><div class=\"swiper-slide\" role=\"group\" aria-roledescription=\"slide\" aria-label=\"4 of 5\"><figure class=\"swiper-slide-inner\"><img decoding=\"async\" class=\"swiper-slide-image\" src=\"https:\/\/minerva-online.pt\/wp-content\/uploads\/2026\/02\/04_embalagem-scaled.jpg\" alt=\"04_embalagem\" \/><\/figure><\/div><div class=\"swiper-slide\" role=\"group\" aria-roledescription=\"slide\" aria-label=\"5 of 5\"><figure class=\"swiper-slide-inner\"><img decoding=\"async\" class=\"swiper-slide-image\" src=\"https:\/\/minerva-online.pt\/wp-content\/uploads\/2026\/02\/05_embalagem-2-scaled.jpg\" alt=\"05_embalagem\" \/><\/figure><\/div>\t\t\t<\/div>\n\t\t\t\t\t\t\t\t\t\t\t\t<div class=\"elementor-swiper-button elementor-swiper-button-prev\" role=\"button\" tabindex=\"0\">\n\t\t\t\t\t\t<i aria-hidden=\"true\" class=\"eicon-chevron-left\"><\/i>\t\t\t\t\t<\/div>\n\t\t\t\t\t<div class=\"elementor-swiper-button elementor-swiper-button-next\" role=\"button\" tabindex=\"0\">\n\t\t\t\t\t\t<i aria-hidden=\"true\" class=\"eicon-chevron-right\"><\/i>\t\t\t\t\t<\/div>\n\t\t\t\t\n\t\t\t\t\t\t\t\t\t<\/div>\n\t\t\t\t<\/div>\n\t\t\t\t<\/div>\n\t\t\t\t\t<\/div>\n\t\t<\/div>\n\t\t\t\t\t\t\t<\/div>\n\t\t<\/section>\n\t\t\t\t<section class=\"elementor-section elementor-top-section elementor-element elementor-element-b3b771e elementor-section-stretched langing-page-imagem elementor-section-height-min-height elementor-section-content-middle elementor-section-full_width elementor-hidden-desktop elementor-section-height-default elementor-section-items-middle\" data-id=\"b3b771e\" data-element_type=\"section\" id=\"imagem-mobile\" data-settings=\"{&quot;stretch_section&quot;:&quot;section-stretched&quot;,&quot;background_motion_fx_translateY_effect&quot;:&quot;yes&quot;,&quot;background_motion_fx_translateY_direction&quot;:&quot;negative&quot;,&quot;background_background&quot;:&quot;slideshow&quot;,&quot;background_slideshow_gallery&quot;:[{&quot;id&quot;:9955,&quot;url&quot;:&quot;https:\\\/\\\/minerva-online.pt\\\/wp-content\\\/uploads\\\/2026\\\/02\\\/01_embalagem-scaled.jpg&quot;},{&quot;id&quot;:9960,&quot;url&quot;:&quot;https:\\\/\\\/minerva-online.pt\\\/wp-content\\\/uploads\\\/2026\\\/02\\\/02_embalagem-scaled.jpg&quot;},{&quot;id&quot;:9961,&quot;url&quot;:&quot;https:\\\/\\\/minerva-online.pt\\\/wp-content\\\/uploads\\\/2026\\\/02\\\/03_embalagem-scaled.jpg&quot;},{&quot;id&quot;:9962,&quot;url&quot;:&quot;https:\\\/\\\/minerva-online.pt\\\/wp-content\\\/uploads\\\/2026\\\/02\\\/04_embalagem-scaled.jpg&quot;},{&quot;id&quot;:10005,&quot;url&quot;:&quot;https:\\\/\\\/minerva-online.pt\\\/wp-content\\\/uploads\\\/2026\\\/02\\\/05_embalagem-2-scaled.jpg&quot;}],&quot;background_slideshow_slide_duration&quot;:2000,&quot;background_slideshow_loop&quot;:&quot;yes&quot;,&quot;background_slideshow_slide_transition&quot;:&quot;fade&quot;,&quot;background_slideshow_transition_duration&quot;:500,&quot;background_motion_fx_translateY_speed&quot;:{&quot;unit&quot;:&quot;px&quot;,&quot;size&quot;:4,&quot;sizes&quot;:[]},&quot;background_motion_fx_translateY_affectedRange&quot;:{&quot;unit&quot;:&quot;%&quot;,&quot;size&quot;:&quot;&quot;,&quot;sizes&quot;:{&quot;start&quot;:0,&quot;end&quot;:100}},&quot;background_motion_fx_devices&quot;:[&quot;desktop&quot;,&quot;tablet&quot;,&quot;mobile&quot;]}\">\n\t\t\t\t\t\t<div class=\"elementor-container elementor-column-gap-no\">\n\t\t\t\t\t<div class=\"elementor-column elementor-col-100 elementor-top-column elementor-element elementor-element-d8cee7c elementor-hidden-desktop elementor-hidden-tablet\" data-id=\"d8cee7c\" data-element_type=\"column\">\n\t\t\t<div class=\"elementor-widget-wrap\">\n\t\t\t\t\t\t\t\t\t<\/div>\n\t\t<\/div>\n\t\t\t\t\t\t\t<\/div>\n\t\t<\/section>\n\t\t\t\t<section class=\"elementor-section elementor-top-section elementor-element elementor-element-0154f5a elementor-section-boxed elementor-section-height-default elementor-section-height-default\" data-id=\"0154f5a\" data-element_type=\"section\">\n\t\t\t\t\t\t<div class=\"elementor-container elementor-column-gap-default\">\n\t\t\t\t\t<div class=\"elementor-column elementor-col-100 elementor-top-column elementor-element elementor-element-c842bdd\" data-id=\"c842bdd\" data-element_type=\"column\">\n\t\t\t<div class=\"elementor-widget-wrap elementor-element-populated\">\n\t\t\t\t\t\t\t\t<div class=\"elementor-element elementor-element-a06b8f4 elementor-hidden-desktop titulo_landing_page_mobile elementor-widget elementor-widget-heading\" data-id=\"a06b8f4\" data-element_type=\"widget\" data-widget_type=\"heading.default\">\n\t\t\t\t<div class=\"elementor-widget-container\">\n\t\t\t<h3 class=\"elementor-heading-title elementor-size-default\">Aumente a visibilidade da sua marca \ncom embalagens personalizadas\u200b<\/h3>\t\t<\/div>\n\t\t\t\t<\/div>\n\t\t\t\t<div class=\"elementor-element elementor-element-6ef767f elementor-hidden-desktop elementor-widget elementor-widget-text-editor\" data-id=\"6ef767f\" data-element_type=\"widget\" data-widget_type=\"text-editor.default\">\n\t\t\t\t<div class=\"elementor-widget-container\">\n\t\t\t\t\t\t\t<p>Cores vibrantes, formato \u00fanico, entrega r\u00e1pida e pre\u00e7o acess\u00edvel? Desenvolvemos solu\u00e7\u00f5es de packaging \u00e0 medida e com qualidade profissional.<\/p>\t\t\t\t\t\t<\/div>\n\t\t\t\t<\/div>\n\t\t\t\t<div data-dce-background-color=\"#FF4D16\" class=\"elementor-element elementor-element-936ad35 elementor-align-center elementor-mobile-align-center elementor-hidden-desktop elementor-widget elementor-widget-button\" data-id=\"936ad35\" data-element_type=\"widget\" data-widget_type=\"button.default\">\n\t\t\t\t<div class=\"elementor-widget-container\">\n\t\t\t\t\t<div class=\"elementor-button-wrapper\">\n\t\t\t<a class=\"elementor-button elementor-button-link elementor-size-sm\" href=\"#pedirorcamento\">\n\t\t\t\t\t\t<span class=\"elementor-button-content-wrapper\">\n\t\t\t\t\t\t<span class=\"elementor-button-text\">PEDIR OR\u00c7AMENTO<\/span>\n\t\t<\/span>\n\t\t\t\t\t<\/a>\n\t\t<\/div>\n\t\t\t\t<\/div>\n\t\t\t\t<\/div>\n\t\t\t\t\t<\/div>\n\t\t<\/div>\n\t\t\t\t\t\t\t<\/div>\n\t\t<\/section>\n\t\t\t\t<section class=\"elementor-section elementor-top-section elementor-element elementor-element-f72fb34 elementor-section-stretched fundo-escuro elementor-section-boxed elementor-section-height-default elementor-section-height-default\" data-id=\"f72fb34\" data-element_type=\"section\" id=\"pedirorcamento\" data-settings=\"{&quot;stretch_section&quot;:&quot;section-stretched&quot;,&quot;background_motion_fx_translateY_effect&quot;:&quot;yes&quot;,&quot;background_motion_fx_translateY_direction&quot;:&quot;negative&quot;,&quot;background_motion_fx_translateY_speed&quot;:{&quot;unit&quot;:&quot;px&quot;,&quot;size&quot;:4,&quot;sizes&quot;:[]},&quot;background_motion_fx_translateY_affectedRange&quot;:{&quot;unit&quot;:&quot;%&quot;,&quot;size&quot;:&quot;&quot;,&quot;sizes&quot;:{&quot;start&quot;:0,&quot;end&quot;:100}},&quot;background_motion_fx_devices&quot;:[&quot;desktop&quot;,&quot;tablet&quot;,&quot;mobile&quot;]}\">\n\t\t\t\t\t\t<div class=\"elementor-container elementor-column-gap-no\">\n\t\t\t\t\t<div class=\"elementor-column elementor-col-100 elementor-top-column elementor-element elementor-element-d273593\" data-id=\"d273593\" data-element_type=\"column\">\n\t\t\t<div class=\"elementor-widget-wrap elementor-element-populated\">\n\t\t\t\t\t\t\t\t<div class=\"elementor-element elementor-element-b4a7e20 elementor-widget elementor-widget-heading\" data-id=\"b4a7e20\" data-element_type=\"widget\" data-widget_type=\"heading.default\">\n\t\t\t\t<div class=\"elementor-widget-container\">\n\t\t\t<h2 class=\"elementor-heading-title elementor-size-default\">FORMUL\u00c1RIO DE OR\u00c7AMENTO<\/h2>\t\t<\/div>\n\t\t\t\t<\/div>\n\t\t\t\t<div class=\"elementor-element elementor-element-0439274 elementor-hidden-mobile elementor-widget elementor-widget-text-editor\" data-id=\"0439274\" data-element_type=\"widget\" data-widget_type=\"text-editor.default\">\n\t\t\t\t<div class=\"elementor-widget-container\">\n\t\t\t\t\t\t\t<p class=\"p1\"><span style=\"text-align: center;\">Preencha o formul\u00e1rio abaixo para pedir o seu\u00a0<\/span><span style=\"background-color: initial;\">or\u00e7amento<\/span><\/p><p class=\"p1\"><span style=\"text-align: center;\">para\u00a0<\/span><span style=\"background-color: initial;\">uma embalagem personalizada!<\/span><\/p>\t\t\t\t\t\t<\/div>\n\t\t\t\t<\/div>\n\t\t\t\t<div class=\"elementor-element elementor-element-ec0dd2b elementor-hidden-desktop elementor-hidden-tablet elementor-widget elementor-widget-text-editor\" data-id=\"ec0dd2b\" data-element_type=\"widget\" data-widget_type=\"text-editor.default\">\n\t\t\t\t<div class=\"elementor-widget-container\">\n\t\t\t\t\t\t\t<p class=\"p1\"><span style=\"text-align: center;\">Preencha o formul\u00e1rio abaixo para pedir o seu\u00a0<\/span><span style=\"background-color: initial;\">or\u00e7amento <\/span><span style=\"text-align: center;\">para\u00a0<\/span><span style=\"background-color: initial;\">uma embalagem personalizada!<\/span><\/p>\t\t\t\t\t\t<\/div>\n\t\t\t\t<\/div>\n\t\t\t\t<div class=\"elementor-element elementor-element-b44e3b3 elementor-widget elementor-widget-formidable\" data-id=\"b44e3b3\" data-element_type=\"widget\" data-widget_type=\"formidable.default\">\n\t\t\t\t<div class=\"elementor-widget-container\">\n\t\t\t<div class=\"frm_forms  with_frm_style frm_style_formidable-style\" id=\"frm_form_5_container\" data-token=\"7ae89f9a33f4fda6af3a612df5c28200\">\n<form enctype=\"multipart\/form-data\" method=\"post\" class=\"frm-show-form  frm_pro_form\" id=\"form_formulrioconsultoria\" data-token=\"7ae89f9a33f4fda6af3a612df5c28200\" action=\"\">\n<div class=\"frm_form_fields\">\n<fieldset>\n<legend class=\"frm_screen_reader\">Formul\u00e1rio para Consultoria<\/legend>\r\n\r\n<div class=\"frm_fields_container\">\n<input type=\"hidden\" name=\"frm_action\" value=\"create\" \/>\n<input type=\"hidden\" name=\"form_id\" value=\"5\" \/>\n<input type=\"hidden\" name=\"frm_hide_fields_5\" id=\"frm_hide_fields_5\" value=\"\" \/>\n<input type=\"hidden\" name=\"form_key\" value=\"formulrioconsultoria\" \/>\n<input type=\"hidden\" name=\"item_meta[0]\" value=\"\" \/>\n<input type=\"hidden\" id=\"frm_submit_entry_5\" name=\"frm_submit_entry_5\" value=\"668538d3ea\" \/><input type=\"hidden\" name=\"_wp_http_referer\" value=\"\/en\/wp-json\/wp\/v2\/pages\/9592\" \/><div id=\"frm_field_26_container\" class=\"frm_form_field form-field  frm_required_field frm_top_container frm12 frm_first\">\r\n    <div  id=\"field_jxlia2_label\" class=\"frm_primary_label\">Name\r\n        <span class=\"frm_required\" aria-hidden=\"true\">*<\/span>\r\n    <\/div>\r\n    <fieldset aria-labelledby=\"field_jxlia2_label\">\n\t<legend class=\"frm_screen_reader frm_hidden\">\n\t\tName\t<\/legend>\n\n\t<div  class=\"frm_combo_inputs_container\" id=\"frm_combo_inputs_container_26\" data-name-layout=\"first_last\">\n\t\t\t\t\t<div\n\t\t\t\tid=\"frm_field_26-first_container\"\n\t\t\t\tclass=\"frm_form_field form-field frm_form_subfield-first  frm6\"\n\t\t\t\tdata-sub-field-name=\"first\"\n\t\t\t>\n\t\t\t\t<label for=\"field_jxlia2_first\" class=\"frm_screen_reader frm_hidden\">\n\t\t\t\t\tPrimeiro nome\t\t\t\t<\/label>\n\n\t\t\t\t<input  type=\"text\" id=\"field_jxlia2_first\" value=\"\" name=\"item_meta[26][first]\" autocomplete=\"given-name\" data-reqmsg=\"Este campo n\u00e3o pode ficar em branco.\" aria-required=\"true\" data-invmsg=\"Nome is invalid\" aria-invalid=\"false\"  \/><div class=\"frm_description\" id=\"frm_field_26_first_desc\">Primeiro nome<\/div>\t\t\t<\/div>\n\t\t\t\t\t\t<div\n\t\t\t\tid=\"frm_field_26-last_container\"\n\t\t\t\tclass=\"frm_form_field form-field frm_form_subfield-last  frm6\"\n\t\t\t\tdata-sub-field-name=\"last\"\n\t\t\t>\n\t\t\t\t<label for=\"field_jxlia2_last\" class=\"frm_screen_reader frm_hidden\">\n\t\t\t\t\tApelido\t\t\t\t<\/label>\n\n\t\t\t\t<input  type=\"text\" id=\"field_jxlia2_last\" value=\"\" name=\"item_meta[26][last]\" autocomplete=\"family-name\" data-reqmsg=\"Este campo n\u00e3o pode ficar em branco.\" aria-required=\"true\" data-invmsg=\"Nome is invalid\" aria-invalid=\"false\"  \/><div class=\"frm_description\" id=\"frm_field_26_last_desc\">Apelido<\/div>\t\t\t<\/div>\n\t\t\t\t<\/div>\n<\/fieldset>\n\r\n    \r\n    \r\n<\/div>\n<div id=\"frm_field_27_container\" class=\"frm_form_field form-field  frm_required_field frm_top_container frm12 frm_first\">\r\n    <label for=\"field_p1ux92\" id=\"field_p1ux92_label\" class=\"frm_primary_label\">E-mail\r\n        <span class=\"frm_required\" aria-hidden=\"true\">*<\/span>\r\n    <\/label>\r\n    <input type=\"email\" id=\"field_p1ux92\" name=\"item_meta[27]\" value=\"\"  data-reqmsg=\"Este campo n\u00e3o pode ficar em branco.\" aria-required=\"true\" data-invmsg=\"O e-mail \u00e9 inv\u00e1lido\" aria-invalid=\"false\"  \/>\r\n    \r\n    \r\n<\/div>\n<div id=\"frm_field_28_container\" class=\"frm_form_field form-field  frm_required_field frm_top_container frm12 frm_first\">\r\n    <label for=\"field_9yoe92\" id=\"field_9yoe92_label\" class=\"frm_primary_label\">Contact\r\n        <span class=\"frm_required\" aria-hidden=\"true\">*<\/span>\r\n    <\/label>\r\n    <input type=\"tel\" id=\"field_9yoe92\" name=\"item_meta[28]\" value=\"\"  data-reqmsg=\"Este campo n\u00e3o pode ficar em branco.\" aria-required=\"true\" data-invmsg=\"O n\u00famero de telefone n\u00e3o \u00e9 v\u00e1lido\" aria-invalid=\"false\" pattern=\"((\\+\\d{1,3}(-|.| )?\\(?\\d\\)?(-| |.)?\\d{1,5})|(\\(?\\d{2,6}\\)?))(-|.| )?(\\d{3,4})(-|.| )?(\\d{4})(( x| ext)\\d{1,5}){0,1}$\"  \/>\r\n    \r\n    \r\n<\/div>\n<div id=\"frm_field_30_container\" class=\"frm_form_field form-field  frm_top_container\">\r\n    <label for=\"field_xnpxp\" id=\"field_xnpxp_label\" class=\"frm_primary_label\">Message\r\n        <span class=\"frm_required\" aria-hidden=\"true\"><\/span>\r\n    <\/label>\r\n    <input type=\"text\" id=\"field_xnpxp\" name=\"item_meta[30]\" value=\"\"  data-invmsg=\"Text is invalid\" aria-invalid=\"false\"  \/>\r\n    \r\n    \r\n<\/div>\n<div id=\"frm_field_29_container\" class=\"frm_form_field form-field  frm_required_field frm_inline_container vertical_radio\">\r\n    <div  id=\"field_vboc52_label\" class=\"frm_primary_label\">\r\n        <span class=\"frm_required\" aria-hidden=\"true\">*<\/span>\r\n    <\/div>\r\n    <div class=\"frm_opt_container\" aria-labelledby=\"field_vboc52_label\" role=\"group\">\t\t<div class=\"frm_checkbox\" id=\"frm_checkbox_29-0\">\t\t\t<label  for=\"field_vboc52-0\">\n\t\t\t<input type=\"checkbox\" name=\"item_meta[29][]\" id=\"field_vboc52-0\" value=\"Ao preencher o formul\u00e1rio, concordo em receber comunica\u00e7\u00f5es de acordo com meus interesses.\"  data-reqmsg=\"Este campo n\u00e3o pode ficar em branco.\" data-invmsg=\"This field n\u00e3o \u00e9 v\u00e1lido\"   aria-required=\"true\"  \/> Ao preencher o formul\u00e1rio, concordo em receber comunica\u00e7\u00f5es de acordo com meus interesses.<\/label><\/div>\n<\/div>\r\n    \r\n    \r\n<\/div>\n<div id=\"frm_field_41_container\" class=\"frm_form_field form-field\">\r\n\t<div class=\"frm_submit\">\r\n\r\n<button class=\"frm_button_submit frm_final_submit\" type=\"submit\"   formnovalidate=\"formnovalidate\">ENVIAR<\/button>\r\n\r\n\r\n<\/div>\r\n<\/div>\n\t<input type=\"hidden\" name=\"item_key\" value=\"\" \/>\n\t\t\t<div id=\"frm_field_42_container\">\n\t\t\t<label for=\"field_5av99\" >\n\t\t\t\tIf you are human, leave this field blank.\t\t\t<\/label>\n\t\t\t<input  id=\"field_5av99\" type=\"text\" class=\"frm_form_field form-field frm_verify\" name=\"item_meta[42]\" value=\"\"  \/>\n\t\t<\/div>\n\t\t<input name=\"frm_state\" type=\"hidden\" value=\"U+uK6tUifkLOLnVMUlNAP+L68cjYNXzMvXJ3LYiNT7g=\" \/><\/div>\n<\/fieldset>\n<\/div>\n\n<input type=\"hidden\" name=\"trp-form-language\" value=\"en\"\/><\/form>\n<\/div>\n\t\t<\/div>\n\t\t\t\t<\/div>\n\t\t\t\t\t<\/div>\n\t\t<\/div>\n\t\t\t\t\t\t\t<\/div>\n\t\t<\/section>\n\t\t\t\t\t\t\t<\/div>","protected":false},"excerpt":{"rendered":"<p>Aumente a visibilidade da sua marca com embalagens personalizadas Cores vibrantes, formato \u00fanico, entrega r\u00e1pida e pre\u00e7o acess\u00edvel? Desenvolvemos solu\u00e7\u00f5es &#8230; <\/p>\n<p class=\"read-more-container\"><a title=\"Landing Page &#8211; Embalagens\" class=\"read-more button\" href=\"https:\/\/minerva-online.pt\/en\/embalagens\/#more-9592\" aria-label=\"More on Landing Page &#8211; Embalagens\">Ler mais <i class=\"fas fa-chevron-right\"><\/i><\/a><\/p>","protected":false},"author":2,"featured_media":0,"parent":0,"menu_order":0,"comment_status":"closed","ping_status":"closed","template":"","meta":{"footnotes":""},"acf":[],"_links":{"self":[{"href":"https:\/\/minerva-online.pt\/en\/wp-json\/wp\/v2\/pages\/9592"}],"collection":[{"href":"https:\/\/minerva-online.pt\/en\/wp-json\/wp\/v2\/pages"}],"about":[{"href":"https:\/\/minerva-online.pt\/en\/wp-json\/wp\/v2\/types\/page"}],"author":[{"embeddable":true,"href":"https:\/\/minerva-online.pt\/en\/wp-json\/wp\/v2\/users\/2"}],"replies":[{"embeddable":true,"href":"https:\/\/minerva-online.pt\/en\/wp-json\/wp\/v2\/comments?post=9592"}],"version-history":[{"count":419,"href":"https:\/\/minerva-online.pt\/en\/wp-json\/wp\/v2\/pages\/9592\/revisions"}],"predecessor-version":[{"id":10061,"href":"https:\/\/minerva-online.pt\/en\/wp-json\/wp\/v2\/pages\/9592\/revisions\/10061"}],"wp:attachment":[{"href":"https:\/\/minerva-online.pt\/en\/wp-json\/wp\/v2\/media?parent=9592"}],"curies":[{"name":"wp","href":"https:\/\/api.w.org\/{rel}","templated":true}]}}